{"id":89,"date":"2013-12-17T21:33:34","date_gmt":"2013-12-17T20:33:34","guid":{"rendered":"http:\/\/localhost:8888\/cri201\/?page_id=89"},"modified":"2018-02-14T13:51:26","modified_gmt":"2018-02-14T12:51:26","slug":"inondations","status":"publish","type":"page","link":"https:\/\/www.cri201.ch\/?page_id=89","title":{"rendered":"Inondations"},"content":{"rendered":"<p>Notre compagnie poss\u00e8de deux aspirateurs eau et poussi\u00e8re \u00ab\u00a0ALTO ATTIX751-71\u00a0\u00bb tr\u00e8s puissant pour mat\u00e9riaux secs ou humides sp\u00e9cialement \u00e9quip\u00e9s de deux moteurs d&rsquo;aspirations; recipient en acier inox de 64 litres mont\u00e9s sur un ch\u00e2ssis robuste; refoulement automatique et en continu de la cuve; 10 m\u00e8tres de c\u00e2ble \u00e9lectrique avec disjoncteur de protection. Flexible d&rsquo;aspiration r\u00e9sistant aux huiles. Poids total 33 kilos.<\/p>\n<p>Pour cet aspirateur, il faut un tuyau d&rsquo;aspiration\/refoulement avec spirale en PVC dur de type MS<br \/>\n38 X 45 mm long de 5 m\u00e8tres avec raccords Storz 55.<\/p>\n<p>Nous avons \u00e9galement quelques pompes submersibles de ce type.<\/p>\n<p>Pour les innondations de grandes envergures, comme nous avons eu il y a quelques ann\u00e9es \u00e0 Lully, nous engageons les moto-pompes de type II.<\/p>\n<p><a href=\"http:\/\/localhost:8888\/cri201\/le-materiel\"><strong>&lt;&#8211; Retour \u00e0 la page pr\u00e9c\u00e9dente<\/strong><\/a><\/p>\n","protected":false},"excerpt":{"rendered":"<p>Notre compagnie poss\u00e8de deux aspirateurs eau et poussi\u00e8re \u00ab\u00a0ALTO ATTIX751-71\u00a0\u00bb tr\u00e8s puissant pour mat\u00e9riaux secs ou humides sp\u00e9cialement \u00e9quip\u00e9s de deux moteurs d&rsquo;aspirations; recipient en acier inox de 64 litres mont\u00e9s sur un ch\u00e2ssis robuste; refoulement automatique et en continu de la cuve; 10 m\u00e8tres de c\u00e2ble \u00e9lectrique avec disjoncteur de protection. Flexible d&rsquo;aspiration r\u00e9sistant [&hellip;]<\/p>\n","protected":false},"author":5,"featured_media":1261,"parent":0,"menu_order":0,"comment_status":"closed","ping_status":"closed","template":"template-gallery-attached.php","meta":{"_et_pb_use_builder":"","_et_pb_old_content":"","_et_gb_content_width":"","footnotes":""},"class_list":["post-89","page","type-page","status-publish","has-post-thumbnail","hentry"],"_links":{"self":[{"href":"https:\/\/www.cri201.ch\/index.php?rest_route=\/wp\/v2\/pages\/89"}],"collection":[{"href":"https:\/\/www.cri201.ch\/index.php?rest_route=\/wp\/v2\/pages"}],"about":[{"href":"https:\/\/www.cri201.ch\/index.php?rest_route=\/wp\/v2\/types\/page"}],"author":[{"embeddable":true,"href":"https:\/\/www.cri201.ch\/index.php?rest_route=\/wp\/v2\/users\/5"}],"replies":[{"embeddable":true,"href":"https:\/\/www.cri201.ch\/index.php?rest_route=%2Fwp%2Fv2%2Fcomments&post=89"}],"version-history":[{"count":5,"href":"https:\/\/www.cri201.ch\/index.php?rest_route=\/wp\/v2\/pages\/89\/revisions"}],"predecessor-version":[{"id":1514,"href":"https:\/\/www.cri201.ch\/index.php?rest_route=\/wp\/v2\/pages\/89\/revisions\/1514"}],"wp:featuredmedia":[{"embeddable":true,"href":"https:\/\/www.cri201.ch\/index.php?rest_route=\/wp\/v2\/media\/1261"}],"wp:attachment":[{"href":"https:\/\/www.cri201.ch\/index.php?rest_route=%2Fwp%2Fv2%2Fmedia&parent=89"}],"curies":[{"name":"wp","href":"https:\/\/api.w.org\/{rel}","templated":true}]}}