{"id":87,"date":"2013-12-17T21:32:17","date_gmt":"2013-12-17T20:32:17","guid":{"rendered":"http:\/\/localhost:8888\/cri201\/?page_id=87"},"modified":"2018-02-14T13:48:47","modified_gmt":"2018-02-14T12:48:47","slug":"remorques","status":"publish","type":"page","link":"https:\/\/www.cri201.ch\/?page_id=87","title":{"rendered":"Remorques"},"content":{"rendered":"<p>La compagnie Cri201 dispose de deux moto-pompe type II.<\/p>\n<p>Une remorque avec d\u00e9vidoire \u00e0 tuyaux 10 longueurs de \u00d875.<\/p>\n<p>Une remorque \u00e0 tuyaux avec 19 longueurs de 20 m\u00e8tres en \u00d875, kit de raccordement, colonne mobile, triopans et mat d&rsquo;\u00e9clairage.<\/p>\n<p><a href=\"http:\/\/localhost:8888\/cri201\/le-materiel\"><strong>&lt;&#8211; Retour \u00e0 la page pr\u00e9c\u00e9dente<\/strong><\/a><\/p>\n","protected":false},"excerpt":{"rendered":"<p>La compagnie Cri201 dispose de deux moto-pompe type II. Une remorque avec d\u00e9vidoire \u00e0 tuyaux 10 longueurs de \u00d875. Une remorque \u00e0 tuyaux avec 19 longueurs de 20 m\u00e8tres en \u00d875, kit de raccordement, colonne mobile, triopans et mat d&rsquo;\u00e9clairage. &lt;&#8211; Retour \u00e0 la page pr\u00e9c\u00e9dente<\/p>\n","protected":false},"author":5,"featured_media":1261,"parent":0,"menu_order":0,"comment_status":"closed","ping_status":"closed","template":"template-gallery-masory.php","meta":{"_et_pb_use_builder":"","_et_pb_old_content":"","_et_gb_content_width":"","footnotes":""},"class_list":["post-87","page","type-page","status-publish","has-post-thumbnail","hentry"],"_links":{"self":[{"href":"https:\/\/www.cri201.ch\/index.php?rest_route=\/wp\/v2\/pages\/87"}],"collection":[{"href":"https:\/\/www.cri201.ch\/index.php?rest_route=\/wp\/v2\/pages"}],"about":[{"href":"https:\/\/www.cri201.ch\/index.php?rest_route=\/wp\/v2\/types\/page"}],"author":[{"embeddable":true,"href":"https:\/\/www.cri201.ch\/index.php?rest_route=\/wp\/v2\/users\/5"}],"replies":[{"embeddable":true,"href":"https:\/\/www.cri201.ch\/index.php?rest_route=%2Fwp%2Fv2%2Fcomments&post=87"}],"version-history":[{"count":6,"href":"https:\/\/www.cri201.ch\/index.php?rest_route=\/wp\/v2\/pages\/87\/revisions"}],"predecessor-version":[{"id":1513,"href":"https:\/\/www.cri201.ch\/index.php?rest_route=\/wp\/v2\/pages\/87\/revisions\/1513"}],"wp:featuredmedia":[{"embeddable":true,"href":"https:\/\/www.cri201.ch\/index.php?rest_route=\/wp\/v2\/media\/1261"}],"wp:attachment":[{"href":"https:\/\/www.cri201.ch\/index.php?rest_route=%2Fwp%2Fv2%2Fmedia&parent=87"}],"curies":[{"name":"wp","href":"https:\/\/api.w.org\/{rel}","templated":true}]}}