{"id":65,"date":"2013-12-17T21:13:39","date_gmt":"2013-12-17T20:13:39","guid":{"rendered":"http:\/\/localhost:8888\/cri201\/?page_id=65"},"modified":"2024-10-09T18:52:01","modified_gmt":"2024-10-09T16:52:01","slug":"contact","status":"publish","type":"page","link":"https:\/\/www.cri201.ch\/?page_id=65","title":{"rendered":"Contact"},"content":{"rendered":"<p>[et_pb_section fb_built=\u00a0\u00bb1&Prime; admin_label=\u00a0\u00bbsection\u00a0\u00bb _builder_version=\u00a0\u00bb4.16&Prime; global_colors_info=\u00a0\u00bb{}\u00a0\u00bb][et_pb_row admin_label=\u00a0\u00bbrow\u00a0\u00bb _builder_version=\u00a0\u00bb4.16&Prime; background_size=\u00a0\u00bbinitial\u00a0\u00bb background_position=\u00a0\u00bbtop_left\u00a0\u00bb background_repeat=\u00a0\u00bbrepeat\u00a0\u00bb global_colors_info=\u00a0\u00bb{}\u00a0\u00bb][et_pb_column type=\u00a0\u00bb4_4&Prime; _builder_version=\u00a0\u00bb4.16&Prime; custom_padding=\u00a0\u00bb|||\u00a0\u00bb global_colors_info=\u00a0\u00bb{}\u00a0\u00bb custom_padding__hover=\u00a0\u00bb|||\u00a0\u00bb][et_pb_text admin_label=\u00a0\u00bbText\u00a0\u00bb _builder_version=\u00a0\u00bb4.16&Prime; background_size=\u00a0\u00bbinitial\u00a0\u00bb background_position=\u00a0\u00bbtop_left\u00a0\u00bb background_repeat=\u00a0\u00bbrepeat\u00a0\u00bb global_colors_info=\u00a0\u00bb{}\u00a0\u00bb]<\/p>\n<div class=\"transparentbg\" style=\"padding: 22px 20px 20px 20px;\"><img loading=\"lazy\" decoding=\"async\" class=\"alignnone size-full wp-image-1176\" src=\"http:\/\/www.cri201.ch\/wp-content\/uploads\/logo5.png\" alt=\"\" width=\"98\" height=\"58\" \/><\/p>\n<h5>Centre R\u00e9gional d&rsquo;intervention &#8211; CP201<\/h5>\n<p>Commandant Capitaine Julien SIMEONI<br \/>Chemin des Suzettes 76 (lieu g\u00e9ographique)<br \/>Case Postale 155 (adresse postale)<br \/>1233 Bernex<\/p>\n<p>T\u00e9l. 022 757 27 14<br \/><a href=\"mailto:capitaine@cri201.ch\">Email<\/a><\/p>\n<p><strong>Pas de pr\u00e9sence permanente en caserne!<\/strong><\/p>\n<p>T\u00e9l\u00e9phone Mairie de Bernex : 022 850 92 92<\/p>\n<p>Service d&rsquo;incendie et de secours 118<\/p>\n<\/div>\n<p>[\/et_pb_text][et_pb_code _builder_version=\u00a0\u00bb4.27.2&Prime; _module_preset=\u00a0\u00bbdefault\u00a0\u00bb hover_enabled=\u00a0\u00bb0&Prime; sticky_enabled=\u00a0\u00bb0&Prime;]<iframe src=\"https:\/\/www.google.com\/maps\/embed?pb=!1m18!1m12!1m3!1d3611.333716648057!2d6.078062077055806!3d46.18151407109479!2m3!1f0!2f0!3f0!3m2!1i1024!2i768!4f13.1!3m3!1m2!1s0x478c7c923bd64d1b%3A0x61ec3e15bc808187!2sCentre%20R%C3%A9gional%20d&#39;Intervention%20-%20CP%20201!5e1!3m2!1sfr!2sch!4v1728492633955!5m2!1sfr!2sch\" width=\"800\" height=\"600\" style=\"border:0;\" allowfullscreen=\"\" loading=\"lazy\" referrerpolicy=\"no-referrer-when-downgrade\"><\/iframe>[\/et_pb_code][\/et_pb_column][\/et_pb_row][\/et_pb_section]<\/p>\n","protected":false},"excerpt":{"rendered":"<p>Centre R\u00e9gional d&rsquo;intervention &#8211; CP201 Commandant Capitaine Julien SIMEONIChemin des Suzettes 76 (lieu g\u00e9ographique)Case Postale 155 (adresse postale)1233 Bernex T\u00e9l. 022 757 27 14Email Pas de pr\u00e9sence permanente en caserne! T\u00e9l\u00e9phone Mairie de Bernex : 022 850 92 92 Service d&rsquo;incendie et de secours 118<\/p>\n","protected":false},"author":5,"featured_media":0,"parent":0,"menu_order":0,"comment_status":"closed","ping_status":"closed","template":"","meta":{"_et_pb_use_builder":"on","_et_pb_old_content":"<div class=\"transparentbg\" style=\"padding: 22px 20px 20px 20px;\">\r\n<img class=\"alignnone size-full wp-image-1176\" src=\"http:\/\/www.cri201.ch\/wp-content\/uploads\/logo5.png\" alt=\"\" width=\"98\" height=\"58\" \/><h5>Centre R\u00e9gional d'intervention - CP201<\/h5>\r\nCdt. Mathias RENTSCH\r\nChemin des Suzettes 76 (lieu g\u00e9ographique)\r\nCase Postale 155 (adresse postale)\r\n1233 Bernex\r\n\r\nT\u00e9l. 022 757 27 14\r\n<a href=\"mailto:capitaine@cri201.ch\">Email<\/a>\r\n\r\n<strong>Pas de pr\u00e9sence permanente en caserne!<\/strong>\r\n\r\nT\u00e9l\u00e9phone Mairie de Bernex : 022 850 92 92\r\n\r\nService d'incendie et de secours 118\r\n\r\n[contact-form-7 id=\"1535\" title=\"Sans titre\"]\r\n<\/div>\r\n\r\n","_et_gb_content_width":"","footnotes":""},"class_list":["post-65","page","type-page","status-publish","hentry"],"_links":{"self":[{"href":"https:\/\/www.cri201.ch\/index.php?rest_route=\/wp\/v2\/pages\/65"}],"collection":[{"href":"https:\/\/www.cri201.ch\/index.php?rest_route=\/wp\/v2\/pages"}],"about":[{"href":"https:\/\/www.cri201.ch\/index.php?rest_route=\/wp\/v2\/types\/page"}],"author":[{"embeddable":true,"href":"https:\/\/www.cri201.ch\/index.php?rest_route=\/wp\/v2\/users\/5"}],"replies":[{"embeddable":true,"href":"https:\/\/www.cri201.ch\/index.php?rest_route=%2Fwp%2Fv2%2Fcomments&post=65"}],"version-history":[{"count":33,"href":"https:\/\/www.cri201.ch\/index.php?rest_route=\/wp\/v2\/pages\/65\/revisions"}],"predecessor-version":[{"id":1663,"href":"https:\/\/www.cri201.ch\/index.php?rest_route=\/wp\/v2\/pages\/65\/revisions\/1663"}],"wp:attachment":[{"href":"https:\/\/www.cri201.ch\/index.php?rest_route=%2Fwp%2Fv2%2Fmedia&parent=65"}],"curies":[{"name":"wp","href":"https:\/\/api.w.org\/{rel}","templated":true}]}}