{"id":445,"date":"2014-01-02T17:42:33","date_gmt":"2014-01-02T16:42:33","guid":{"rendered":"http:\/\/localhost:8888\/cri201\/?page_id=445"},"modified":"2014-05-28T12:46:03","modified_gmt":"2014-05-28T11:46:03","slug":"interventions-2008","status":"publish","type":"page","link":"https:\/\/www.cri201.ch\/?page_id=445","title":{"rendered":"Interventions 2008"},"content":{"rendered":"<a href='#' class='small-button smallblue'>Retour \u00e0 la page pr\u00e9c\u00e9dente<\/a>\n<p>&nbsp;<\/p>\n<p>&nbsp;<\/p>\n<table border=\"1\" width=\"756\">\n<tbody>\n<tr>\n<td><strong>N\u00b0<\/strong><\/td>\n<td><strong>Date<\/strong><\/td>\n<td><strong>Heure<\/strong><\/td>\n<td><strong>Adresse<\/strong><\/td>\n<td><strong>Intervention 2008<\/strong><\/td>\n<td><strong>CP16<\/strong><\/td>\n<td><strong>SIS<\/strong><\/td>\n<td><strong>CP16\u00a0+ SIS<\/strong><\/td>\n<\/tr>\n<tr>\n<td align=\"center\">1<\/td>\n<td align=\"center\">10.03.2008<\/td>\n<td align=\"center\">03H32<\/td>\n<td>Chemin du Loup 55<\/td>\n<td>Incendie &#8211; Nature &#8211; Champs<\/td>\n<td><\/td>\n<td><\/td>\n<td align=\"center\">X<\/td>\n<\/tr>\n<tr>\n<td align=\"center\">2<\/td>\n<td align=\"center\">05.04.2008<\/td>\n<td align=\"center\">23H16<\/td>\n<td>Chemin du Signal 19<\/td>\n<td>Inondation &#8211; Habitation<\/td>\n<td align=\"center\">X<\/td>\n<td><\/td>\n<td align=\"center\"><\/td>\n<\/tr>\n<tr>\n<td align=\"center\">3<\/td>\n<td align=\"center\">10.04.2008<\/td>\n<td align=\"center\">19H40<\/td>\n<td>Chemin Alphonse-Ferrand 35<\/td>\n<td>Inondation &#8211; Habitation<\/td>\n<td align=\"center\">X<\/td>\n<td><\/td>\n<td><\/td>\n<\/tr>\n<tr>\n<td align=\"center\">4<\/td>\n<td align=\"center\">04.05.2008<\/td>\n<td align=\"center\">13H59<\/td>\n<td>Champ-Devant 3<\/td>\n<td>Recup\u00e9ration animal<\/td>\n<td><\/td>\n<td><\/td>\n<td><\/td>\n<\/tr>\n<tr>\n<td align=\"center\">5<\/td>\n<td align=\"center\">24.05.2008<\/td>\n<td align=\"center\">06H20<\/td>\n<td>Bernex-en-Combes 14<\/td>\n<td>Inondation &#8211; Batiment<\/td>\n<td align=\"center\">X<\/td>\n<td><\/td>\n<td><\/td>\n<\/tr>\n<tr>\n<td align=\"center\">6<\/td>\n<td align=\"center\">31.05.2008<\/td>\n<td align=\"center\">10H20<\/td>\n<td>Bernex-en-Combes 23<\/td>\n<td>Fum\u00e9e &#8211; Batiment &#8211; Parking<\/td>\n<td><\/td>\n<td><\/td>\n<td align=\"center\">X<\/td>\n<\/tr>\n<tr>\n<td align=\"center\">7<\/td>\n<td align=\"center\">04.06.2008<\/td>\n<td align=\"center\">05H20<\/td>\n<td>Chemin de la Concorde 19A<\/td>\n<td>Inondation &#8211; Habitation<\/td>\n<td align=\"center\">X<\/td>\n<td><\/td>\n<td><\/td>\n<\/tr>\n<tr>\n<td align=\"center\">8<\/td>\n<td align=\"center\">19.06.2008<\/td>\n<td align=\"center\">02H35<\/td>\n<td>Rue de Bernex 246<\/td>\n<td>Incendie &#8211; Nature &#8211; D\u00e9tritus\/Poubelle<\/td>\n<td align=\"center\"><\/td>\n<td align=\"center\"><\/td>\n<td align=\"center\">X<\/td>\n<\/tr>\n<tr>\n<td align=\"center\">9<\/td>\n<td align=\"center\">13.07.2008<\/td>\n<td align=\"center\">18H34<\/td>\n<td>Ch. des Grands-Buissons 52<\/td>\n<td>Inondation &#8211; Habitation<\/td>\n<td align=\"center\">X<\/td>\n<td align=\"center\"><\/td>\n<td align=\"center\"><\/td>\n<\/tr>\n<tr>\n<td align=\"center\">10<\/td>\n<td align=\"center\">31.08.2008<\/td>\n<td align=\"center\">12H30<\/td>\n<td>Route de Loex<\/td>\n<td>Animaux &#8211; Destruction &#8211; Insectes<\/td>\n<td align=\"center\">X<\/td>\n<td align=\"center\"><\/td>\n<td align=\"center\"><\/td>\n<\/tr>\n<tr>\n<td align=\"center\">11<\/td>\n<td align=\"center\">06.09.2008<\/td>\n<td align=\"center\">14H00<\/td>\n<td>Route de Pr\u00e9-Marais 50<\/td>\n<td>Inondation &#8211; Habitation<\/td>\n<td align=\"center\">X<\/td>\n<td><\/td>\n<td><\/td>\n<\/tr>\n<tr>\n<td align=\"center\">12<\/td>\n<td align=\"center\">06.09.2008<\/td>\n<td align=\"center\">16H00<\/td>\n<td>Chemin des Rouettes 30<\/td>\n<td>Inondation &#8211; Habitation<\/td>\n<td align=\"center\">X<\/td>\n<td><\/td>\n<td><\/td>\n<\/tr>\n<tr>\n<td align=\"center\">13<\/td>\n<td align=\"center\">06.09.2008<\/td>\n<td align=\"center\">16H30<\/td>\n<td>Chemin de Ch\u00e2tillon<\/td>\n<td>Inondation &#8211; Habitation<\/td>\n<td align=\"center\">X<\/td>\n<td><\/td>\n<td><\/td>\n<\/tr>\n<tr>\n<td align=\"center\">14<\/td>\n<td align=\"center\">06.09.2008<\/td>\n<td align=\"center\">19H54<\/td>\n<td>Chemin des Cornaches 1<\/td>\n<td>Inondation &#8211; Habitation<\/td>\n<td align=\"center\">X<\/td>\n<td><\/td>\n<td><\/td>\n<\/tr>\n<tr>\n<td align=\"center\">15<\/td>\n<td align=\"center\">07.09.2008<\/td>\n<td align=\"center\">07H20<\/td>\n<td>Chemin des Rouettes 27<\/td>\n<td>D\u00e9blaiement &#8211; Voie publique &#8211; Branche<\/td>\n<td align=\"center\">X<\/td>\n<td><\/td>\n<td><\/td>\n<\/tr>\n<tr>\n<td align=\"center\">16<\/td>\n<td align=\"center\">05.10.2008<\/td>\n<td align=\"center\">18H06<\/td>\n<td>Chemin de la Distillerie 5<\/td>\n<td>Inondation &#8211; Batiment<\/td>\n<td align=\"center\">X<\/td>\n<td align=\"center\"><\/td>\n<td align=\"center\"><\/td>\n<\/tr>\n<tr>\n<td align=\"center\">17<\/td>\n<td align=\"center\">07.10.2008<\/td>\n<td align=\"center\">21H08<\/td>\n<td>Bernex-en-Combes 16<\/td>\n<td>Animaux &#8211; R\u00e9cup\u00e9ration &#8211; Chien<\/td>\n<td align=\"center\">X<\/td>\n<td align=\"center\"><\/td>\n<td><\/td>\n<\/tr>\n<tr>\n<td align=\"center\">18<\/td>\n<td align=\"center\">07.10.2008<\/td>\n<td align=\"center\">22H06<\/td>\n<td>Rue de Bernex 367<\/td>\n<td>Incendie &#8211; Nature &#8211; D\u00e9tritus\/Poubelle<\/td>\n<td align=\"center\"><\/td>\n<td align=\"center\"><\/td>\n<td align=\"center\">X<\/td>\n<\/tr>\n<tr>\n<td align=\"center\">19<\/td>\n<td align=\"center\">15.12.2008<\/td>\n<td align=\"center\">21H06<\/td>\n<td>Rue de Bernex 382<\/td>\n<td>Incendie &#8211; Habitation &#8211; Appareil m\u00e9nager<\/td>\n<td><\/td>\n<td><\/td>\n<td align=\"center\">X<\/td>\n<\/tr>\n<tr>\n<td align=\"center\">20<\/td>\n<td align=\"center\">20.12.2008<\/td>\n<td align=\"center\">20H50<\/td>\n<td>Route de Loex 60<\/td>\n<td>Incendie &#8211; Nature &#8211; Champs<\/td>\n<td align=\"center\"><\/td>\n<td align=\"center\"><\/td>\n<td align=\"center\">X<\/td>\n<\/tr>\n<tr>\n<td align=\"center\">21<\/td>\n<td align=\"center\">31.12.2008<\/td>\n<td align=\"center\">16H28<\/td>\n<td>Rue Joseph-Berthet 4<\/td>\n<td>Inondation &#8211; Batiment &#8211; Logement<\/td>\n<td align=\"center\">X<\/td>\n<td align=\"center\"><\/td>\n<td><\/td>\n<\/tr>\n<\/tbody>\n<\/table>\n","protected":false},"excerpt":{"rendered":"<p>&nbsp; &nbsp; N\u00b0 Date Heure Adresse Intervention 2008 CP16 SIS CP16\u00a0+ SIS 1 10.03.2008 03H32 Chemin du Loup 55 Incendie &#8211; Nature &#8211; Champs X 2 05.04.2008 23H16 Chemin du Signal 19 Inondation &#8211; Habitation X 3 10.04.2008 19H40 Chemin Alphonse-Ferrand 35 Inondation &#8211; Habitation X 4 04.05.2008 13H59 Champ-Devant 3 Recup\u00e9ration animal 5 24.05.2008 [&hellip;]<\/p>\n","protected":false},"author":5,"featured_media":0,"parent":0,"menu_order":0,"comment_status":"closed","ping_status":"closed","template":"","meta":{"_et_pb_use_builder":"","_et_pb_old_content":"","_et_gb_content_width":"","footnotes":""},"class_list":["post-445","page","type-page","status-publish","hentry"],"_links":{"self":[{"href":"https:\/\/www.cri201.ch\/index.php?rest_route=\/wp\/v2\/pages\/445"}],"collection":[{"href":"https:\/\/www.cri201.ch\/index.php?rest_route=\/wp\/v2\/pages"}],"about":[{"href":"https:\/\/www.cri201.ch\/index.php?rest_route=\/wp\/v2\/types\/page"}],"author":[{"embeddable":true,"href":"https:\/\/www.cri201.ch\/index.php?rest_route=\/wp\/v2\/users\/5"}],"replies":[{"embeddable":true,"href":"https:\/\/www.cri201.ch\/index.php?rest_route=%2Fwp%2Fv2%2Fcomments&post=445"}],"version-history":[{"count":5,"href":"https:\/\/www.cri201.ch\/index.php?rest_route=\/wp\/v2\/pages\/445\/revisions"}],"predecessor-version":[{"id":735,"href":"https:\/\/www.cri201.ch\/index.php?rest_route=\/wp\/v2\/pages\/445\/revisions\/735"}],"wp:attachment":[{"href":"https:\/\/www.cri201.ch\/index.php?rest_route=%2Fwp%2Fv2%2Fmedia&parent=445"}],"curies":[{"name":"wp","href":"https:\/\/api.w.org\/{rel}","templated":true}]}}