{"id":442,"date":"2014-01-02T17:41:01","date_gmt":"2014-01-02T16:41:01","guid":{"rendered":"http:\/\/localhost:8888\/cri201\/?page_id=442"},"modified":"2014-05-28T12:45:44","modified_gmt":"2014-05-28T11:45:44","slug":"interventions-2009","status":"publish","type":"page","link":"https:\/\/www.cri201.ch\/?page_id=442","title":{"rendered":"Interventions 2009"},"content":{"rendered":"<a href='#' class='small-button smallblue'>Retour \u00e0 la page pr\u00e9c\u00e9dente<\/a>\n<p>&nbsp;<\/p>\n<p>&nbsp;<\/p>\n<table border=\"1\" width=\"756\">\n<tbody>\n<tr>\n<td><strong>N\u00b0<\/strong><\/td>\n<td><strong>Date<\/strong><\/td>\n<td><strong>Heure<\/strong><\/td>\n<td><strong>Adresse<\/strong><\/td>\n<td><strong>Interventions 2009<\/strong><\/td>\n<td><strong>SPV<\/strong><\/td>\n<td><strong>SIS<\/strong><\/td>\n<td><strong>SPV\u00a0+ SIS<\/strong><\/td>\n<\/tr>\n<tr>\n<td align=\"center\">1<\/td>\n<td align=\"center\">13.01.2009<\/td>\n<td align=\"center\">12H38<\/td>\n<td>\u00a0Rue de Bernex 362<\/td>\n<td>\u00a0Incendie &#8211; Habitation &#8211;\u00a0Chemin\u00e9e<\/td>\n<td><\/td>\n<td align=\"center\"><\/td>\n<td align=\"center\">x<\/td>\n<\/tr>\n<tr>\n<td align=\"center\">2<\/td>\n<td align=\"center\">23.01.2009<\/td>\n<td align=\"center\">06H53<\/td>\n<td>\u00a0Route de Pr\u00e9-Marais 1<\/td>\n<td>\u00a0Inondation &#8211; Batiment &#8211; Cave<\/td>\n<td align=\"center\">X<\/td>\n<td><\/td>\n<td align=\"center\"><\/td>\n<\/tr>\n<tr>\n<td align=\"center\">3<\/td>\n<td align=\"center\">25.01.2009<\/td>\n<td align=\"center\">18H05<\/td>\n<td>\u00a0Chemin du Signal 28<\/td>\n<td>\u00a0Inondation &#8211; Batiment &#8211; Logement<\/td>\n<td align=\"center\">X<\/td>\n<td><\/td>\n<td><\/td>\n<\/tr>\n<tr>\n<td align=\"center\">4<\/td>\n<td align=\"center\">19.02.2009<\/td>\n<td align=\"center\">20H36<\/td>\n<td>\u00a0Chemin de la Naz<\/td>\n<td>\u00a0Inondation &#8211; Voie publique &#8211; Canalisation<\/td>\n<td align=\"center\">X<\/td>\n<td><\/td>\n<td><\/td>\n<\/tr>\n<tr>\n<td align=\"center\">5<\/td>\n<td align=\"center\">21.02.2009<\/td>\n<td align=\"center\">17H48<\/td>\n<td align=\"left\">\u00a0Chemin de Chatillion 35<\/td>\n<td>\u00a0Animaux &#8211; Recuperation &#8211; Indigene<\/td>\n<td align=\"center\">X<\/td>\n<td align=\"center\"><\/td>\n<td align=\"center\"><\/td>\n<\/tr>\n<tr>\n<td align=\"center\">6<\/td>\n<td align=\"center\">17.04.2009<\/td>\n<td align=\"center\">21H43<\/td>\n<td>\u00a0Rue de Bernex<\/td>\n<td>\u00a0Incendie &#8211; Nature &#8211; Detritus\/poubelle<\/td>\n<td align=\"center\">X<\/td>\n<td><\/td>\n<td><\/td>\n<\/tr>\n<tr>\n<td align=\"center\">7<\/td>\n<td align=\"center\">03.05.2009<\/td>\n<td align=\"center\">14H14<\/td>\n<td>\u00a0Bernex-en-Combes 12<\/td>\n<td>\u00a0Animaux &#8211; Recuperation &#8211; Insectes<\/td>\n<td align=\"center\">X<\/td>\n<td><\/td>\n<td><\/td>\n<\/tr>\n<tr>\n<td align=\"center\">8<\/td>\n<td align=\"center\">03.05.2009<\/td>\n<td align=\"center\">17H40<\/td>\n<td>\u00a0Chemin de Saule 73<\/td>\n<td>\u00a0Animaux &#8211; Recuperation &#8211; Insectes<\/td>\n<td align=\"center\">X<\/td>\n<td><\/td>\n<td><\/td>\n<\/tr>\n<tr>\n<td align=\"center\">9<\/td>\n<td align=\"center\">12.05.2009<\/td>\n<td align=\"center\">18H39<\/td>\n<td>\u00a0Route de Loex<\/td>\n<td>\u00a0Animaux &#8211; Destruction &#8211; Insectes<\/td>\n<td align=\"center\">X<\/td>\n<td><\/td>\n<td><\/td>\n<\/tr>\n<tr>\n<td align=\"center\">10<\/td>\n<td align=\"center\">17.05.2009<\/td>\n<td align=\"center\">13H41<\/td>\n<td>\u00a0Chemin des Tiolires 19<\/td>\n<td>\u00a0Deblaiement &#8211; Nature &#8211; Arbre<\/td>\n<td align=\"center\">X<\/td>\n<td><\/td>\n<td><\/td>\n<\/tr>\n<tr>\n<td align=\"center\">11<\/td>\n<td align=\"center\">19.05.2009<\/td>\n<td align=\"center\">20H40<\/td>\n<td>\u00a0Chemin de Saule 103<\/td>\n<td><strong>\u00a0<\/strong>Animaux &#8211; Recuperation &#8211; Domestique<\/td>\n<td align=\"center\">X<\/td>\n<td><\/td>\n<td><\/td>\n<\/tr>\n<tr>\n<td align=\"center\">12<\/td>\n<td align=\"center\">03.06.2009<\/td>\n<td align=\"center\">20H08<\/td>\n<td align=\"left\">\u00a0Ch. Alphonse Ferrand 68<\/td>\n<td>\u00a0Inondation &#8211; Batiment &#8211; Cave<\/td>\n<td align=\"center\">X<\/td>\n<td><\/td>\n<td><\/td>\n<\/tr>\n<tr>\n<td align=\"center\">13<\/td>\n<td align=\"center\">05.06.2009<\/td>\n<td align=\"center\">06H03<\/td>\n<td>\u00a0Chemin de Saule 78-80<\/td>\n<td>\u00a0<a href=\"http:\/\/www.pompiers-bernex.ch\/index.php?page=feu-de-voiture\">Incendie &#8211; V\u00e9hicule &#8211; V\u00e9hicule l\u00e9ger<\/a><\/td>\n<td><\/td>\n<td><\/td>\n<td align=\"center\">X<\/td>\n<\/tr>\n<tr>\n<td align=\"center\">14<\/td>\n<td align=\"center\">07.06.2009<\/td>\n<td align=\"center\">05H55<\/td>\n<td>\u00a0Chemin de Carabot 32<\/td>\n<td>\u00a0Inondation &#8211; Batiment &#8211; Communs<\/td>\n<td align=\"center\">X<\/td>\n<td><\/td>\n<td><\/td>\n<\/tr>\n<tr>\n<td align=\"center\">15<\/td>\n<td align=\"center\">28.06.2009<\/td>\n<td align=\"center\">00H04<\/td>\n<td>\u00a0Route de Base 68<\/td>\n<td>\u00a0Inondation &#8211; Voie publique &#8211; Conduite<\/td>\n<td align=\"center\">X<\/td>\n<td><\/td>\n<td><\/td>\n<\/tr>\n<tr>\n<td>\u00a016<\/td>\n<td align=\"center\">07.07.2009<\/td>\n<td align=\"center\">21H42<\/td>\n<td>\u00a0Ch. Grands-Buissons 52<\/td>\n<td>\u00a0Inondation &#8211; Batiment &#8211; Commerce<\/td>\n<td align=\"center\">X<\/td>\n<td><\/td>\n<td><\/td>\n<\/tr>\n<tr>\n<td>\u00a017<\/td>\n<td align=\"center\">17.07.2009<\/td>\n<td align=\"center\">21H47<\/td>\n<td>\u00a0Prom. de L&rsquo;aire 110a<\/td>\n<td>\u00a0Inondation &#8211; Batiment &#8211; Cave<\/td>\n<td align=\"center\">\u00a0X<\/td>\n<td><\/td>\n<td><\/td>\n<\/tr>\n<tr>\n<td>\u00a018<\/td>\n<td align=\"center\">19.07.2009<\/td>\n<td align=\"center\">05H40<\/td>\n<td>\u00a0Route de L&rsquo;aire 31<\/td>\n<td>\u00a0Incendie &#8211; V\u00e9hicule &#8211; V\u00e9hicule l\u00e9ger<\/td>\n<td><\/td>\n<td><\/td>\n<td align=\"center\">X<\/td>\n<\/tr>\n<tr>\n<td>\u00a019<\/td>\n<td align=\"center\">29.07.2009<\/td>\n<td align=\"center\">21H45<\/td>\n<td>\u00a0Chemin du Pont<\/td>\n<td>\u00a0Incendie &#8211; Nature &#8211; Detritus<\/td>\n<td align=\"center\">X<\/td>\n<td><\/td>\n<td><\/td>\n<\/tr>\n<tr>\n<td>\u00a020<\/td>\n<td align=\"center\">29.07.2009<\/td>\n<td align=\"center\">23H14<\/td>\n<td>\u00a0Rte du Grand-Lancy 195<\/td>\n<td>\u00a0Animaux &#8211; Recuperation &#8211; Oiseaux<\/td>\n<td align=\"center\">X<\/td>\n<td><\/td>\n<td><\/td>\n<\/tr>\n<tr>\n<td>\u00a021<\/td>\n<td align=\"center\">01.08.2009<\/td>\n<td align=\"center\">05H25<\/td>\n<td>\u00a0Chemin de la Naz 2<\/td>\n<td>\u00a0Inondation &#8211; Voie publique &#8211; Conduite<\/td>\n<td align=\"center\">X<\/td>\n<td><\/td>\n<td><\/td>\n<\/tr>\n<tr>\n<td>\u00a022<\/td>\n<td align=\"center\">01.08.2009<\/td>\n<td align=\"center\">15H14<\/td>\n<td>\u00a0Route de Laconnex<\/td>\n<td>\u00a0Deblaiement &#8211; Voie publique &#8211; Branche<\/td>\n<td align=\"center\">X<\/td>\n<td><\/td>\n<td><\/td>\n<\/tr>\n<tr>\n<td>\u00a023<\/td>\n<td align=\"center\">09.08.2009<\/td>\n<td align=\"center\">22H30<\/td>\n<td>\u00a0Chemin de Saule 77<\/td>\n<td>\u00a0Inondation &#8211; Batiment &#8211; Logement<\/td>\n<td align=\"center\">X<\/td>\n<td><\/td>\n<td><\/td>\n<\/tr>\n<tr>\n<td>\u00a024<\/td>\n<td align=\"center\">12.08.2009<\/td>\n<td align=\"center\">05H42<\/td>\n<td>\u00a0Ch. des Communaux 40<\/td>\n<td>\u00a0Incendie &#8211; Nature &#8211; Decharge<\/td>\n<td><\/td>\n<td><\/td>\n<td align=\"center\">X<\/td>\n<\/tr>\n<tr>\n<td>\u00a025<\/td>\n<td align=\"center\">14.08.2009<\/td>\n<td align=\"center\">14H50<\/td>\n<td>\u00a0Route de\u00a0Pr\u00e9-Marais<\/td>\n<td>\u00a0Animaux &#8211; Destruction &#8211; Insectes<\/td>\n<td><\/td>\n<td><\/td>\n<td align=\"center\">X<\/td>\n<\/tr>\n<tr>\n<td>\u00a026<\/td>\n<td align=\"center\">17.08.2009<\/td>\n<td align=\"center\">16H28<\/td>\n<td>\u00a0Route de Loex 99<\/td>\n<td>\u00a0Animaux &#8211; Destruction &#8211; Insectes<\/td>\n<td><\/td>\n<td><\/td>\n<td align=\"center\">X<\/td>\n<\/tr>\n<tr>\n<td align=\"center\">27<\/td>\n<td align=\"center\">29.08.2009<\/td>\n<td align=\"center\">13H05<\/td>\n<td>\u00a0Chemin du Stand<\/td>\n<td>\u00a0<a href=\"http:\/\/www.pompiers-bernex.ch\/index.php?page=2-nids-de-guepes-et-1-nid-de-frelons\">Animaux -Destruction &#8211; Insectes<\/a><\/td>\n<td align=\"center\">X<\/td>\n<td><\/td>\n<td><\/td>\n<\/tr>\n<tr>\n<td align=\"center\">28<\/td>\n<td align=\"center\">21.11.2009<\/td>\n<td align=\"center\">16H05<\/td>\n<td>\u00a0Bernex-en-Combes 20<\/td>\n<td>\u00a0Inondation &#8211; Batiment &#8211; Communs<\/td>\n<td align=\"center\">X<\/td>\n<td><\/td>\n<td><\/td>\n<\/tr>\n<tr>\n<td align=\"center\">29<\/td>\n<td align=\"center\">28.11.2009<\/td>\n<td align=\"center\">18H27<\/td>\n<td>\u00a0Chemin de Saule 28<\/td>\n<td>\u00a0Animaux\u00a0&#8211; Recuperation &#8211; Domestique<\/td>\n<td align=\"center\">X<\/td>\n<td><\/td>\n<td><\/td>\n<\/tr>\n<tr>\n<td align=\"center\">30<\/td>\n<td align=\"center\">05.12.2009<\/td>\n<td align=\"center\">12H18<\/td>\n<td>\u00a0Rue de Bernex 271<\/td>\n<td>\u00a0Inondation &#8211; Batiment &#8211; Logement.<\/td>\n<td align=\"center\">X<\/td>\n<td><\/td>\n<td><\/td>\n<\/tr>\n<tr>\n<td align=\"center\">31<\/td>\n<td align=\"center\">19.12.2009<\/td>\n<td align=\"center\">19H52<\/td>\n<td>\u00a0Bernex-en-Combes 33<\/td>\n<td>\u00a0Inondation &#8211; Batiment &#8211; Logement.<\/td>\n<td><\/td>\n<td><\/td>\n<td align=\"center\">X<\/td>\n<\/tr>\n<tr>\n<td align=\"center\">32<\/td>\n<td align=\"center\">20.12.2009<\/td>\n<td align=\"center\">11H21<\/td>\n<td>\u00a0Chemin-sous-le-Clos 3<\/td>\n<td>\u00a0Inondation &#8211; Batiment &#8211; Ecole<\/td>\n<td align=\"center\">X<\/td>\n<td><\/td>\n<td><\/td>\n<\/tr>\n<tr>\n<td align=\"center\">33<\/td>\n<td>\u00a024.12.2009<\/td>\n<td align=\"center\">01H24<\/td>\n<td>\u00a0Ch. des Communaux 40<\/td>\n<td>\u00a0Incendie &#8211; Nature &#8211; Decharge<\/td>\n<td align=\"center\">X<\/td>\n<td><\/td>\n<td><\/td>\n<\/tr>\n<tr>\n<td align=\"center\">34<\/td>\n<td align=\"center\">31.12.2009<\/td>\n<td align=\"center\">23H43<\/td>\n<td>\u00a0Chemin des Cotes 7<\/td>\n<td>\u00a0Incendie &#8211; V\u00e9hicule &#8211; V\u00e9hicule l\u00e9ger<\/td>\n<td><\/td>\n<td><\/td>\n<td align=\"center\">X<\/td>\n<\/tr>\n<\/tbody>\n<\/table>\n","protected":false},"excerpt":{"rendered":"<p>&nbsp; &nbsp; N\u00b0 Date Heure Adresse Interventions 2009 SPV SIS SPV\u00a0+ SIS 1 13.01.2009 12H38 \u00a0Rue de Bernex 362 \u00a0Incendie &#8211; Habitation &#8211;\u00a0Chemin\u00e9e x 2 23.01.2009 06H53 \u00a0Route de Pr\u00e9-Marais 1 \u00a0Inondation &#8211; Batiment &#8211; Cave X 3 25.01.2009 18H05 \u00a0Chemin du Signal 28 \u00a0Inondation &#8211; Batiment &#8211; Logement X 4 19.02.2009 20H36 \u00a0Chemin de [&hellip;]<\/p>\n","protected":false},"author":5,"featured_media":0,"parent":0,"menu_order":0,"comment_status":"closed","ping_status":"closed","template":"","meta":{"_et_pb_use_builder":"","_et_pb_old_content":"","_et_gb_content_width":"","footnotes":""},"class_list":["post-442","page","type-page","status-publish","hentry"],"_links":{"self":[{"href":"https:\/\/www.cri201.ch\/index.php?rest_route=\/wp\/v2\/pages\/442"}],"collection":[{"href":"https:\/\/www.cri201.ch\/index.php?rest_route=\/wp\/v2\/pages"}],"about":[{"href":"https:\/\/www.cri201.ch\/index.php?rest_route=\/wp\/v2\/types\/page"}],"author":[{"embeddable":true,"href":"https:\/\/www.cri201.ch\/index.php?rest_route=\/wp\/v2\/users\/5"}],"replies":[{"embeddable":true,"href":"https:\/\/www.cri201.ch\/index.php?rest_route=%2Fwp%2Fv2%2Fcomments&post=442"}],"version-history":[{"count":5,"href":"https:\/\/www.cri201.ch\/index.php?rest_route=\/wp\/v2\/pages\/442\/revisions"}],"predecessor-version":[{"id":734,"href":"https:\/\/www.cri201.ch\/index.php?rest_route=\/wp\/v2\/pages\/442\/revisions\/734"}],"wp:attachment":[{"href":"https:\/\/www.cri201.ch\/index.php?rest_route=%2Fwp%2Fv2%2Fmedia&parent=442"}],"curies":[{"name":"wp","href":"https:\/\/api.w.org\/{rel}","templated":true}]}}