{"id":409,"date":"2014-01-02T17:06:16","date_gmt":"2014-01-02T16:06:16","guid":{"rendered":"http:\/\/localhost:8888\/cri201\/?page_id=409"},"modified":"2024-05-27T21:31:11","modified_gmt":"2024-05-27T19:31:11","slug":"explication-du-concept-sapeurs-pompiers-xxi","status":"publish","type":"page","link":"https:\/\/www.cri201.ch\/?page_id=409","title":{"rendered":"Concept \u00ab\u00a0Sapeurs-Pompiers XXI\u00a0\u00bb"},"content":{"rendered":"<p>[et_pb_section fb_built=\u00a0\u00bb1&Prime; admin_label=\u00a0\u00bbsection\u00a0\u00bb _builder_version=\u00a0\u00bb4.16&Prime; global_colors_info=\u00a0\u00bb{}\u00a0\u00bb][et_pb_row admin_label=\u00a0\u00bbrow\u00a0\u00bb _builder_version=\u00a0\u00bb4.16&Prime; background_size=\u00a0\u00bbinitial\u00a0\u00bb background_position=\u00a0\u00bbtop_left\u00a0\u00bb background_repeat=\u00a0\u00bbrepeat\u00a0\u00bb global_colors_info=\u00a0\u00bb{}\u00a0\u00bb][et_pb_column type=\u00a0\u00bb4_4&Prime; _builder_version=\u00a0\u00bb4.16&Prime; custom_padding=\u00a0\u00bb|||\u00a0\u00bb global_colors_info=\u00a0\u00bb{}\u00a0\u00bb custom_padding__hover=\u00a0\u00bb|||\u00a0\u00bb][et_pb_text admin_label=\u00a0\u00bbText\u00a0\u00bb _builder_version=\u00a0\u00bb4.16&Prime; background_size=\u00a0\u00bbinitial\u00a0\u00bb background_position=\u00a0\u00bbtop_left\u00a0\u00bb background_repeat=\u00a0\u00bbrepeat\u00a0\u00bb global_colors_info=\u00a0\u00bb{}\u00a0\u00bb]<\/p>\n<h1>Sapeurs-Pompiers XXI<\/h1>\n<p>Le concept d&rsquo;engagement \u00ab\u00a0Sapeurs-Pompiers XXI\u00a0\u00bb est entr\u00e9 en vigeur pour l&rsquo;ensemble des compagnies de sapeurs-pompiers volontaires du canton (hors Ville de Gen\u00e8ve) le 1er juin 2007.<\/p>\n<p>Ce concept \u00e9tait d\u00e9j\u00e0 en vigueur, \u00e0 titre d\u2019essai, depuis le 1er novembre 2004 dans les quinze communes de l\u2019arrondissement Arve-Lac (voir image ci-dessous).<\/p>\n<p>Cette r\u00e9forme est issue des travaux d&rsquo;un groupe compos\u00e9 de sapeurs pompiers volontaires, de repr\u00e9sentants du SIS et coordonn\u00e9 par l&rsquo;inspecteur cantonal du feu.<\/p>\n<p>Le but de cette r\u00e9forme est non seulement de responsabiliser les sapeurs-pompiers volontaires en leur conf\u00e9rant de nouvelles t\u00e2ches, mais \u00e9galement de soulager les professionnels du SIS de la Ville de Gen\u00e8ve.<\/p>\n<p>&nbsp;<\/p>\n<h5>Il existe d\u00e8s lors trois types d&rsquo;engagements :<\/h5>\n<ol>\n<li>Engagement des pompiers volontaires seuls pour des interventions d&rsquo;urgence relative en dehors des heures ouvrables (la semaine de 19h00 \u00e0 07h00, le week-end et les jours f\u00e9ri\u00e9s 24h\/24h)<\/li>\n<li>Engagement des pompiers professionnels seuls pour des interventions \u00e0 caract\u00e8re technique telles que l&rsquo;ambulance, les ascenceurs etc.<\/li>\n<li>Engagement dit \u00abmixte\u00bb; volontaires et professionnels selon le plan ICASIS (tous les autres types d&rsquo;intervention).<\/li>\n<\/ol>\n<p>Pour les interventions qui nous sont d\u00e9volues dans les p\u00e9riodes pr\u00e9cit\u00e9es, notre compagnie intervient en premier \u00e9chelon et de mani\u00e8re autonome.<\/p>\n<h5><\/h5>\n<p>&nbsp;<\/p>\n<h5>Sont concern\u00e9s 45 types d&rsquo;engagements dont, principalement :<\/h5>\n<ul>\n<li>Feux ext\u00e9rieurs (arbre, d\u00e9tritus, baraque, broussailles)<\/li>\n<li>Inondations (habitation, cave, voie publique)<\/li>\n<li>D\u00e9blaiements (nature, cand\u00e9labre, m\u00e2t)<\/li>\n<li>Pr\u00e9ventions (chute de mat\u00e9riaux, b\u00e2che, nature)<\/li>\n<li>Animaux (r\u00e9cup\u00e9ration et\/ou destruction d&rsquo;insectes, animaux domestiques)<\/li>\n<\/ul>\n<p>&nbsp;<\/p>\n<p>Dans ce contexte, de nombreuses compagnies de sapeurs-pompiers volontaires ont \u00e9t\u00e9 encourag\u00e9es \u00e0 conclure des conventions de collaboration entre elles pour r\u00e9pondre \u00e0 ces objectifs.<\/p>\n<p>En journ\u00e9e, seul l&rsquo;officier de piquet se rend sur place, en compagnie du SIS, mais il peut alarmer la compagnie ou seulement une petite \u00e9quipe selon les besoins.<\/p>\n<p>Une partie de la compagnie est \u00e9quip\u00e9e de bip, tandis que les autres sont alarm\u00e9s par t\u00e9l\u00e9phone.<\/p>\n<p>Tous les lundis vers 19h, un \u00e9change de semaine de piquet est effectu\u00e9 avec la compagnie de Confignon (CP27).<\/p>\n<p>&nbsp;<\/p>\n<p><img loading=\"lazy\" decoding=\"async\" class=\"size-full wp-image-411 alignnone\" title=\"ConceptXXI\" src=\"http:\/\/www.cri201.ch\/wp-content\/uploads\/2014\/01\/conceptXXI.jpg\" alt=\"ConceptXXI\" width=\"759\" height=\"507\" srcset=\"https:\/\/www.cri201.ch\/wp-content\/uploads\/2014\/01\/conceptXXI.jpg 759w, https:\/\/www.cri201.ch\/wp-content\/uploads\/2014\/01\/conceptXXI-300x200.jpg 300w, https:\/\/www.cri201.ch\/wp-content\/uploads\/2014\/01\/conceptXXI-610x407.jpg 610w\" sizes=\"(max-width: 759px) 100vw, 759px\" \/><\/p>\n<p>[\/et_pb_text][\/et_pb_column][\/et_pb_row][\/et_pb_section]<\/p>\n","protected":false},"excerpt":{"rendered":"<p>Sapeurs-Pompiers XXI Le concept d&rsquo;engagement \u00ab\u00a0Sapeurs-Pompiers XXI\u00a0\u00bb est entr\u00e9 en vigeur pour l&rsquo;ensemble des compagnies de sapeurs-pompiers volontaires du canton (hors Ville de Gen\u00e8ve) le 1er juin 2007. Ce concept \u00e9tait d\u00e9j\u00e0 en vigueur, \u00e0 titre d\u2019essai, depuis le 1er novembre 2004 dans les quinze communes de l\u2019arrondissement Arve-Lac (voir image ci-dessous). Cette r\u00e9forme est [&hellip;]<\/p>\n","protected":false},"author":5,"featured_media":1261,"parent":0,"menu_order":0,"comment_status":"closed","ping_status":"closed","template":"","meta":{"_et_pb_use_builder":"on","_et_pb_old_content":"Le concept d'engagement \"Sapeurs-Pompiers XXI\" est entr\u00e9 en vigeur pour l'ensemble des compagnies de sapeurs-pompiers volontaires du canton (hors Ville de Gen\u00e8ve) le 1er juin 2007.\r\n\r\nCe concept \u00e9tait d\u00e9j\u00e0 en vigueur, \u00e0 titre d\u2019essai, depuis le 1er novembre 2004 dans les quinze communes de l\u2019arrondissement Arve-Lac (voir image ci-dessous).\r\n\r\nCette r\u00e9forme est issue des travaux d'un groupe compos\u00e9 de sapeurs pompiers volontaires, de repr\u00e9sentants du SIS et coordonn\u00e9 par l'inspecteur cantonal du feu.\r\n\r\nLe but de cette r\u00e9forme est non seulement de responsabiliser les sapeurs-pompiers volontaires en leur conf\u00e9rant de nouvelles t\u00e2ches, mais \u00e9galement de soulager les professionnels du SIS de la Ville de Gen\u00e8ve.\r\n\r\n&nbsp;\r\n<h5>Il existe d\u00e8s lors trois types d'engagements :<\/h5>\r\n<ol>\r\n \t<li>Engagement des pompiers volontaires seuls pour des interventions d'urgence relative en dehors des heures ouvrables (la semaine de 19h00 \u00e0 07h00, le week-end et les jours f\u00e9ri\u00e9s 24h\/24h)<\/li>\r\n \t<li>Engagement des pompiers professionnels seuls pour des interventions \u00e0 caract\u00e8re technique telles que l'ambulance, les ascenceurs etc.<\/li>\r\n \t<li>Engagement dit \u00abmixte\u00bb; volontaires et professionnels selon le plan ICASIS (tous les autres types d'intervention).<\/li>\r\n<\/ol>\r\nPour les interventions qui nous sont d\u00e9volues dans les p\u00e9riodes pr\u00e9cit\u00e9es, notre compagnie intervient en premier \u00e9chelon et de mani\u00e8re autonome.\r\n<h5><\/h5>\r\n&nbsp;\r\n<h5>Sont concern\u00e9s 45 types d'engagements dont, principalement :<\/h5>\r\n<ul>\r\n \t<li>Feux ext\u00e9rieurs (arbre, d\u00e9tritus, baraque, broussailles)<\/li>\r\n \t<li>Inondations (habitation, cave, voie publique)<\/li>\r\n \t<li>D\u00e9blaiements (nature, cand\u00e9labre, m\u00e2t)<\/li>\r\n \t<li>Pr\u00e9ventions (chute de mat\u00e9riaux, b\u00e2che, nature)<\/li>\r\n \t<li>Animaux (r\u00e9cup\u00e9ration et\/ou destruction d'insectes, animaux domestiques)<\/li>\r\n<\/ul>\r\n&nbsp;\r\n\r\nDans ce contexte, de nombreuses compagnies de sapeurs-pompiers volontaires ont \u00e9t\u00e9 encourag\u00e9es \u00e0 conclure des conventions de collaboration entre elles pour r\u00e9pondre \u00e0 ces objectifs.\r\n\r\nEn journ\u00e9e, seul l'officier de piquet se rend sur place, en compagnie du SIS, mais il peut alarmer la compagnie ou seulement une petite \u00e9quipe selon les besoins.\r\n\r\nUne partie de la compagnie est \u00e9quip\u00e9e de bip, tandis que les autres sont alarm\u00e9s par t\u00e9l\u00e9phone.\r\n\r\nTous les lundis vers 19h, un \u00e9change de semaine de piquet est effectu\u00e9 avec la compagnie de Confignon (CP27).\r\n\r\n&nbsp;\r\n\r\n<img class=\"size-full wp-image-411 alignnone\" title=\"ConceptXXI\" src=\"http:\/\/www.cri201.ch\/wp-content\/uploads\/2014\/01\/conceptXXI.jpg\" alt=\"ConceptXXI\" width=\"759\" height=\"507\" \/>","_et_gb_content_width":"","footnotes":""},"class_list":["post-409","page","type-page","status-publish","has-post-thumbnail","hentry"],"_links":{"self":[{"href":"https:\/\/www.cri201.ch\/index.php?rest_route=\/wp\/v2\/pages\/409"}],"collection":[{"href":"https:\/\/www.cri201.ch\/index.php?rest_route=\/wp\/v2\/pages"}],"about":[{"href":"https:\/\/www.cri201.ch\/index.php?rest_route=\/wp\/v2\/types\/page"}],"author":[{"embeddable":true,"href":"https:\/\/www.cri201.ch\/index.php?rest_route=\/wp\/v2\/users\/5"}],"replies":[{"embeddable":true,"href":"https:\/\/www.cri201.ch\/index.php?rest_route=%2Fwp%2Fv2%2Fcomments&post=409"}],"version-history":[{"count":13,"href":"https:\/\/www.cri201.ch\/index.php?rest_route=\/wp\/v2\/pages\/409\/revisions"}],"predecessor-version":[{"id":1651,"href":"https:\/\/www.cri201.ch\/index.php?rest_route=\/wp\/v2\/pages\/409\/revisions\/1651"}],"wp:featuredmedia":[{"embeddable":true,"href":"https:\/\/www.cri201.ch\/index.php?rest_route=\/wp\/v2\/media\/1261"}],"wp:attachment":[{"href":"https:\/\/www.cri201.ch\/index.php?rest_route=%2Fwp%2Fv2%2Fmedia&parent=409"}],"curies":[{"name":"wp","href":"https:\/\/api.w.org\/{rel}","templated":true}]}}