{"id":1597,"date":"2022-10-03T23:31:51","date_gmt":"2022-10-03T21:31:51","guid":{"rendered":"https:\/\/www.cri201.ch\/?page_id=1597"},"modified":"2026-02-24T17:16:10","modified_gmt":"2026-02-24T16:16:10","slug":"lequipe-antichute","status":"publish","type":"page","link":"https:\/\/www.cri201.ch\/?page_id=1597","title":{"rendered":"L&rsquo;\u00e9quipe anti-chute"},"content":{"rendered":"<p>[et_pb_section fb_built=\u00a0\u00bb1&Prime; _builder_version=\u00a0\u00bb4.16&Prime; _module_preset=\u00a0\u00bbdefault\u00a0\u00bb global_colors_info=\u00a0\u00bb{}\u00a0\u00bb][et_pb_row _builder_version=\u00a0\u00bb4.16&Prime; _module_preset=\u00a0\u00bbdefault\u00a0\u00bb global_colors_info=\u00a0\u00bb{}\u00a0\u00bb][et_pb_column type=\u00a0\u00bb4_4&Prime; _builder_version=\u00a0\u00bb4.16&Prime; _module_preset=\u00a0\u00bbdefault\u00a0\u00bb global_colors_info=\u00a0\u00bb{}\u00a0\u00bb][et_pb_text _builder_version=\u00a0\u00bb4.27.2&Prime; _module_preset=\u00a0\u00bbdefault\u00a0\u00bb global_colors_info=\u00a0\u00bb{}\u00a0\u00bb]<\/p>\n<h1>L&rsquo;\u00e9quipe anti-chute<\/h1>\n<h2 data-start=\"304\" data-end=\"317\"><\/h2>\n<h2 data-start=\"304\" data-end=\"317\"><\/h2>\n<h2 data-start=\"304\" data-end=\"317\">&#x1f3af; Mission<\/h2>\n<p data-start=\"319\" data-end=\"455\">La section <strong data-start=\"330\" data-end=\"343\">Antichute<\/strong> du CRI201 est sp\u00e9cialis\u00e9e dans les interventions n\u00e9cessitant un travail s\u00e9curis\u00e9 en hauteur ou en profondeur.<\/p>\n<p data-start=\"457\" data-end=\"580\">Elle permet d\u2019engager des moyens techniques adapt\u00e9s lorsque l\u2019acc\u00e8s est difficile, instable ou expos\u00e9 \u00e0 un risque de chute.<\/p>\n<p data-start=\"582\" data-end=\"721\">Son objectif :<br data-start=\"596\" data-end=\"599\" \/><strong data-start=\"599\" data-end=\"721\">agir efficacement tout en garantissant un niveau maximal de s\u00e9curit\u00e9 pour les intervenants et les personnes secourues.<\/strong><\/p>\n<hr data-start=\"723\" data-end=\"726\" \/>\n<h2 data-start=\"728\" data-end=\"746\">&#x1f465; Organisation<\/h2>\n<p data-start=\"748\" data-end=\"786\">La section antichute est compos\u00e9e de :<\/p>\n<ul data-start=\"788\" data-end=\"852\">\n<li data-start=\"788\" data-end=\"816\">\n<p data-start=\"790\" data-end=\"816\"><strong data-start=\"790\" data-end=\"816\">10 membres sp\u00e9cialis\u00e9s<\/strong><\/p>\n<\/li>\n<li data-start=\"817\" data-end=\"852\">\n<p data-start=\"819\" data-end=\"852\">Dont <strong data-start=\"824\" data-end=\"852\">2 officiers responsables<\/strong><\/p>\n<\/li>\n<\/ul>\n<p data-start=\"854\" data-end=\"880\">Cette structure garantit :<\/p>\n<ul data-start=\"882\" data-end=\"1032\">\n<li data-start=\"882\" data-end=\"926\">\n<p data-start=\"884\" data-end=\"926\">Une coordination claire sur intervention<\/p>\n<\/li>\n<li data-start=\"927\" data-end=\"959\">\n<p data-start=\"929\" data-end=\"959\">Une prise de d\u00e9cision rapide<\/p>\n<\/li>\n<li data-start=\"960\" data-end=\"998\">\n<p data-start=\"962\" data-end=\"998\">Un encadrement technique permanent<\/p>\n<\/li>\n<li data-start=\"999\" data-end=\"1032\">\n<p data-start=\"1001\" data-end=\"1032\">Une continuit\u00e9 op\u00e9rationnelle<\/p>\n<\/li>\n<\/ul>\n<p data-start=\"1034\" data-end=\"1173\">Les membres suivent des formations sp\u00e9cifiques et participent \u00e0 des entra\u00eenements r\u00e9guliers afin de maintenir un haut niveau de comp\u00e9tence.<\/p>\n<hr data-start=\"1175\" data-end=\"1178\" \/>\n<h2 data-start=\"1180\" data-end=\"1209\">&#x1f527; Domaines d\u2019intervention<\/h2>\n<p data-start=\"1211\" data-end=\"1249\">La section intervient notamment pour :<\/p>\n<ul data-start=\"1251\" data-end=\"1593\">\n<li data-start=\"1251\" data-end=\"1293\">\n<p data-start=\"1253\" data-end=\"1293\">S\u00e9curisation et progression en toiture<\/p>\n<\/li>\n<li data-start=\"1294\" data-end=\"1348\">\n<p data-start=\"1296\" data-end=\"1348\">Interventions sur fa\u00e7ades et structures techniques<\/p>\n<\/li>\n<li data-start=\"1349\" data-end=\"1416\">\n<p data-start=\"1351\" data-end=\"1416\">Assistance en hauteur lors d\u2019incendies ou de d\u00e9g\u00e2ts structurels<\/p>\n<\/li>\n<li data-start=\"1476\" data-end=\"1522\">\n<p data-start=\"1478\" data-end=\"1522\">Sauvetage et mise en s\u00e9curit\u00e9 de personnes<\/p>\n<\/li>\n<li data-start=\"1523\" data-end=\"1593\">\n<p data-start=\"1525\" data-end=\"1593\">Soutien technique aux autres sections lors d\u2019engagements complexes<\/p>\n<\/li>\n<\/ul>\n<hr data-start=\"1595\" data-end=\"1598\" \/>\n<h2 data-start=\"1600\" data-end=\"1628\">&#x1faa2; Comp\u00e9tences techniques<\/h2>\n<p data-start=\"1630\" data-end=\"1659\">Les intervenants ma\u00eetrisent :<\/p>\n<ul data-start=\"1661\" data-end=\"1884\">\n<li data-start=\"1661\" data-end=\"1719\">\n<p data-start=\"1663\" data-end=\"1719\">Les techniques de progression et de descente sur corde<\/p>\n<\/li>\n<li data-start=\"1720\" data-end=\"1782\">\n<p data-start=\"1722\" data-end=\"1782\">La mise en place de syst\u00e8mes d\u2019ancrage et de lignes de vie<\/p>\n<\/li>\n<li data-start=\"1783\" data-end=\"1833\">\n<p data-start=\"1785\" data-end=\"1833\">Les m\u00e9thodes de s\u00e9curisation de zones \u00e0 risque<\/p>\n<\/li>\n<li data-start=\"1834\" data-end=\"1884\">\n<p data-start=\"1836\" data-end=\"1884\">Le travail coordonn\u00e9 en environnement instable<\/p>\n<\/li>\n<\/ul>\n<p data-start=\"1886\" data-end=\"1999\">Chaque intervention repose sur une analyse pr\u00e9cise du risque et l\u2019utilisation d\u2019un mat\u00e9riel certifi\u00e9 et contr\u00f4l\u00e9.<\/p>\n<hr data-start=\"2001\" data-end=\"2004\" \/>\n<h2 data-start=\"2006\" data-end=\"2049\">&#x1f6e1;&#xfe0f; Un atout op\u00e9rationnel pour le CRI201<\/h2>\n<p data-start=\"2051\" data-end=\"2210\">Gr\u00e2ce \u00e0 cette sp\u00e9cialisation, le <strong data-start=\"2084\" data-end=\"2111\">CRI201<\/strong>\u00a0renforce sa capacit\u00e9 \u00e0 intervenir dans des situations complexes n\u00e9cessitant technicit\u00e9 et rigueur.<\/p>\n<p data-start=\"2212\" data-end=\"2353\">La section antichute constitue un v\u00e9ritable compl\u00e9ment aux moyens traditionnels, augmentant la polyvalence et la s\u00e9curit\u00e9 globale du service<\/p>\n<p>[\/et_pb_text][et_pb_gallery gallery_ids=\u00a0\u00bb1953,1962,1958,1971,1973,1970,1950,1954&Prime; show_title_and_caption=\u00a0\u00bboff\u00a0\u00bb _builder_version=\u00a0\u00bb4.27.2&Prime; _module_preset=\u00a0\u00bbdefault\u00a0\u00bb hover_enabled=\u00a0\u00bb0&Prime; global_colors_info=\u00a0\u00bb{}\u00a0\u00bb sticky_enabled=\u00a0\u00bb0&Prime;][\/et_pb_gallery][\/et_pb_column][\/et_pb_row][\/et_pb_section]<\/p>\n","protected":false},"excerpt":{"rendered":"<p>L&rsquo;\u00e9quipe anti-chute &#x1f3af; Mission La section Antichute du CRI201 est sp\u00e9cialis\u00e9e dans les interventions n\u00e9cessitant un travail s\u00e9curis\u00e9 en hauteur ou en profondeur. Elle permet d\u2019engager des moyens techniques adapt\u00e9s lorsque l\u2019acc\u00e8s est difficile, instable ou expos\u00e9 \u00e0 un risque de chute. Son objectif :agir efficacement tout en garantissant un niveau maximal de s\u00e9curit\u00e9 pour [&hellip;]<\/p>\n","protected":false},"author":5,"featured_media":0,"parent":0,"menu_order":0,"comment_status":"closed","ping_status":"closed","template":"","meta":{"_et_pb_use_builder":"on","_et_pb_old_content":"","_et_gb_content_width":"","footnotes":""},"class_list":["post-1597","page","type-page","status-publish","hentry"],"_links":{"self":[{"href":"https:\/\/www.cri201.ch\/index.php?rest_route=\/wp\/v2\/pages\/1597"}],"collection":[{"href":"https:\/\/www.cri201.ch\/index.php?rest_route=\/wp\/v2\/pages"}],"about":[{"href":"https:\/\/www.cri201.ch\/index.php?rest_route=\/wp\/v2\/types\/page"}],"author":[{"embeddable":true,"href":"https:\/\/www.cri201.ch\/index.php?rest_route=\/wp\/v2\/users\/5"}],"replies":[{"embeddable":true,"href":"https:\/\/www.cri201.ch\/index.php?rest_route=%2Fwp%2Fv2%2Fcomments&post=1597"}],"version-history":[{"count":9,"href":"https:\/\/www.cri201.ch\/index.php?rest_route=\/wp\/v2\/pages\/1597\/revisions"}],"predecessor-version":[{"id":1975,"href":"https:\/\/www.cri201.ch\/index.php?rest_route=\/wp\/v2\/pages\/1597\/revisions\/1975"}],"wp:attachment":[{"href":"https:\/\/www.cri201.ch\/index.php?rest_route=%2Fwp%2Fv2%2Fmedia&parent=1597"}],"curies":[{"name":"wp","href":"https:\/\/api.w.org\/{rel}","templated":true}]}}