{"id":10,"date":"2013-12-11T19:39:05","date_gmt":"2013-12-11T18:39:05","guid":{"rendered":"http:\/\/localhost:8888\/cri201\/?page_id=10"},"modified":"2024-05-27T21:28:15","modified_gmt":"2024-05-27T19:28:15","slug":"recrutement","status":"publish","type":"page","link":"https:\/\/www.cri201.ch\/?page_id=10","title":{"rendered":"Recrutement"},"content":{"rendered":"<h2>Nous recrutons !<\/h2>\n<p>Devenir sapeur pompier volontaire est avant tout un engagement personnel pour aider les autres.<br \/>\nC&rsquo;est aussi un engagement dans une \u00e9quipe soud\u00e9e.<\/p>\n<h4>L&rsquo;admission au sein de la compagnie est soumise au conditions suivantes :<\/h4>\n<p><img loading=\"lazy\" decoding=\"async\" class=\"alignnone size-medium wp-image-11\" src=\"http:\/\/www.cri201.ch\/wp-content\/uploads\/2013\/12\/banner_recrut-300x111.png\" alt=\"banner_recrut\" width=\"300\" height=\"111\" srcset=\"https:\/\/www.cri201.ch\/wp-content\/uploads\/2013\/12\/banner_recrut-300x111.png 300w, https:\/\/www.cri201.ch\/wp-content\/uploads\/2013\/12\/banner_recrut.png 556w\" sizes=\"(max-width: 300px) 100vw, 300px\" \/><br \/>\n<span style=\"text-decoration: underline;\"><a href=\"http:\/\/www.devenir-volontaire.ch\/index.php?vidID=2\">Campagne publicitaire \u00ab\u00a0Devenir pompier\u00a0\u00bb<\/a><\/span><\/p>\n<h5>Conditions d&rsquo;admission :<\/h5>\n<ul>\n<li>Etre citoyen(ne) suisse\/\u00e9tranger, \u00e9tabli(e) dans la commune et \u00e2g\u00e9 de 18 \u00e0 35 ans (- de 18 ans, voir <a href=\"http:\/\/www.jsp-c.ch\/\" target=\"_blank\" rel=\"noopener\"><span style=\"text-decoration: underline;\">les jeunes SP<\/span><\/a>)<\/li>\n<li>Faire preuve de motivation<\/li>\n<li>Jouir d&rsquo;une bonne sant\u00e9<\/li>\n<li>R\u00e9ussir un examen d&rsquo;aptitude physique li\u00e9 \u00e0 la future activit\u00e9 (claustrophobie, vertige, endurance)<\/li>\n<li>Suivre une \u00e9cole de formation cantonale de 33h (Lundi soir, mercredi soir &amp; samedi)<\/li>\n<\/ul>\n<p><span style=\"text-decoration: underline;\"><a href=\"http:\/\/www.cri201.ch\/wp-content\/uploads\/2013\/12\/scg_sp_filieres_et_grades.pdf\">Fili\u00e8res et grades<\/a><\/span> | <span style=\"text-decoration: underline;\"><a href=\"http:\/\/www.cri201.ch\/wp-content\/uploads\/2013\/12\/scg_descriptif_des_cours_sapeurs-pompier.pdf\">Descriptif des cours sapeurs pompier<\/a><\/span><\/p>\n<h5>Les obligations du sapeur-pompier volontaire :<\/h5>\n<ul>\n<li>Participer \u00e0 un minimum de 8 heures d&rsquo;exercices \/ instructions par ann\u00e9e<\/li>\n<li>Assurer des services de pr\u00e9servation et de piquet<\/li>\n<li>R\u00e9pondre aux alarmes<\/li>\n<li>Assurer quelques t\u00e2ches de maintenance<\/li>\n<\/ul>\n<h5>Le sapeur-pompier volontaire b\u00e9n\u00e9ficie :<\/h5>\n<ul>\n<li>D&rsquo;une assurance accident, responsabilit\u00e9 civile et maladie<\/li>\n<li>D&rsquo;un \u00e9quipement personnel moderne et complet adapt\u00e9 \u00e0 toutes les saisons<\/li>\n<li>D&rsquo;instructions et remises \u00e0 niveau en permanence.<\/li>\n<\/ul>\n<h5>Quelques chiffres (Statistiques FSSP 2007) :<\/h5>\n<ul>\n<li>106&rsquo;000 sapeurs-pompiers volontaires (64 sapeurs-pompiers au CRI201 dont sept femmes)<\/li>\n<li>1&rsquo;400 sapeurs-pompiers professionnels<\/li>\n<li>400 sapeurs-pompiers d&rsquo;entreprises<\/li>\n<\/ul>\n<h3 style=\"text-align: center;\"><span style=\"color: #ff0000;\"><a href=\"https:\/\/www.cri201.ch\/wp-content\/uploads\/Demande_admission_CRI-201-1.pdf\" target=\"_blank\" rel=\"noopener\">Demande d&rsquo;admission<\/a><\/span><\/h3>\n","protected":false},"excerpt":{"rendered":"<p>Nous recrutons ! Devenir sapeur pompier volontaire est avant tout un engagement personnel pour aider les autres. C&rsquo;est aussi un engagement dans une \u00e9quipe soud\u00e9e. L&rsquo;admission au sein de la compagnie est soumise au conditions suivantes : Campagne publicitaire \u00ab\u00a0Devenir pompier\u00a0\u00bb Conditions d&rsquo;admission : Etre citoyen(ne) suisse\/\u00e9tranger, \u00e9tabli(e) dans la commune et \u00e2g\u00e9 de 18 [&hellip;]<\/p>\n","protected":false},"author":5,"featured_media":1261,"parent":0,"menu_order":0,"comment_status":"closed","ping_status":"closed","template":"","meta":{"_et_pb_use_builder":"off","_et_pb_old_content":"<h2>Nous recrutons !<\/h2>\nDevenir sapeur pompier volontaire est avant tout un engagement personnel pour aider les autres.\nC'est aussi un engagement dans une \u00e9quipe soud\u00e9e.\n<h4>L'admission au sein de la compagnie est soumise au conditions suivantes :<\/h4>\n<img class=\"alignnone size-medium wp-image-11\" src=\"http:\/\/www.cri201.ch\/wp-content\/uploads\/2013\/12\/banner_recrut-300x111.png\" alt=\"banner_recrut\" width=\"300\" height=\"111\" \/>\n<span style=\"text-decoration: underline;\"><a href=\"http:\/\/www.devenir-volontaire.ch\/index.php?vidID=2\">Campagne publicitaire \"Devenir pompier\"<\/a><\/span>\n<h5>Conditions d'admission :<\/h5>\n<ul>\n \t<li>Etre citoyen(ne) suisse\/\u00e9tranger, \u00e9tabli(e) dans la commune et \u00e2g\u00e9 de 18 \u00e0 35 ans (- de 18 ans, voir <a href=\"http:\/\/www.jsp-c.ch\/\" target=\"_blank\" rel=\"noopener\"><span style=\"text-decoration: underline;\">les jeunes SP<\/span><\/a>)<\/li>\n \t<li>Faire preuve de motivation<\/li>\n \t<li>Jouir d'une bonne sant\u00e9<\/li>\n \t<li>R\u00e9ussir un examen d'aptitude physique li\u00e9 \u00e0 la future activit\u00e9 (claustrophobie, vertige, endurance)<\/li>\n \t<li>Suivre une \u00e9cole de formation cantonale de 33h (Lundi soir, mercredi soir &amp; samedi)<\/li>\n<\/ul>\n<span style=\"text-decoration: underline;\"><a href=\"http:\/\/www.cri201.ch\/wp-content\/uploads\/2013\/12\/scg_sp_filieres_et_grades.pdf\">Fili\u00e8res et grades<\/a><\/span> | <span style=\"text-decoration: underline;\"><a href=\"http:\/\/www.cri201.ch\/wp-content\/uploads\/2013\/12\/scg_descriptif_des_cours_sapeurs-pompier.pdf\">Descriptif des cours sapeurs pompier<\/a><\/span>\n<h5>Les obligations du sapeur-pompier volontaire :<\/h5>\n<ul>\n \t<li>Participer \u00e0 un minimum de 8 heures d'exercices \/ instructions par ann\u00e9e<\/li>\n \t<li>Assurer des services de pr\u00e9servation et de piquet<\/li>\n \t<li>R\u00e9pondre aux alarmes<\/li>\n \t<li>Assurer quelques t\u00e2ches de maintenance<\/li>\n<\/ul>\n<h5>Le sapeur-pompier volontaire b\u00e9n\u00e9ficie :<\/h5>\n<ul>\n \t<li>D'une assurance accident, responsabilit\u00e9 civile et maladie<\/li>\n \t<li>D'un \u00e9quipement personnel moderne et complet adapt\u00e9 \u00e0 toutes les saisons<\/li>\n \t<li>D'instructions et remises \u00e0 niveau en permanence.<\/li>\n<\/ul>\n<h5>Quelques chiffres (Statistiques FSSP 2007) :<\/h5>\n<ul>\n \t<li>106'000 sapeurs-pompiers volontaires (64 sapeurs-pompiers au CRI201 dont sept femmes)<\/li>\n \t<li>1'400 sapeurs-pompiers professionnels<\/li>\n \t<li>400 sapeurs-pompiers d'entreprises<\/li>\n<\/ul>\n<h3 style=\"text-align: center;\"><span style=\"color: #ff0000;\"><a href=\"http:\/\/www.cri201.ch\/wp-content\/uploads\/Demande-dadmission_actif2.pdf\" target=\"_blank\" rel=\"noopener\" data-wplink-edit=\"true\">Demande d'admission<\/a><\/span><\/h3>","_et_gb_content_width":"","footnotes":""},"class_list":["post-10","page","type-page","status-publish","has-post-thumbnail","hentry"],"_links":{"self":[{"href":"https:\/\/www.cri201.ch\/index.php?rest_route=\/wp\/v2\/pages\/10"}],"collection":[{"href":"https:\/\/www.cri201.ch\/index.php?rest_route=\/wp\/v2\/pages"}],"about":[{"href":"https:\/\/www.cri201.ch\/index.php?rest_route=\/wp\/v2\/types\/page"}],"author":[{"embeddable":true,"href":"https:\/\/www.cri201.ch\/index.php?rest_route=\/wp\/v2\/users\/5"}],"replies":[{"embeddable":true,"href":"https:\/\/www.cri201.ch\/index.php?rest_route=%2Fwp%2Fv2%2Fcomments&post=10"}],"version-history":[{"count":38,"href":"https:\/\/www.cri201.ch\/index.php?rest_route=\/wp\/v2\/pages\/10\/revisions"}],"predecessor-version":[{"id":1649,"href":"https:\/\/www.cri201.ch\/index.php?rest_route=\/wp\/v2\/pages\/10\/revisions\/1649"}],"wp:featuredmedia":[{"embeddable":true,"href":"https:\/\/www.cri201.ch\/index.php?rest_route=\/wp\/v2\/media\/1261"}],"wp:attachment":[{"href":"https:\/\/www.cri201.ch\/index.php?rest_route=%2Fwp%2Fv2%2Fmedia&parent=10"}],"curies":[{"name":"wp","href":"https:\/\/api.w.org\/{rel}","templated":true}]}}